{"id":18,"date":"2012-05-04T09:13:29","date_gmt":"2012-05-04T07:13:29","guid":{"rendered":"http:\/\/pmk-medical-germany.de\/de-personalvermittlung\/"},"modified":"2026-02-18T00:14:04","modified_gmt":"2026-02-17T23:14:04","slug":"personalvermittlung","status":"publish","type":"page","link":"https:\/\/pmk-medical-germany.de\/al\/personalvermittlung\/","title":{"rendered":"Personalvermittlung &#8211; Rekrutimi"},"content":{"rendered":"\n<h2 class=\"wp-block-heading\"><strong>Rekrutimi<\/strong><\/h2>\n\n\n\n<p>Mungesa n\u00eb rritje e fuqis\u00eb pun\u00ebtore t\u00eb kualifikuar n\u00eb sektorin e sh\u00ebndet\u00ebsis\u00eb paraqet sfida t\u00eb m\u00ebdha p\u00ebr shum\u00eb institucione. K\u00ebrkimi i vazhduesh\u00ebm p\u00ebr staf, procedurat komplekse t\u00eb njohjes s\u00eb diplomave dhe pengesat burokratike kushtojn\u00eb burime t\u00eb vlefshme.<\/p>\n\n\n\n<p><strong>PMK Medical Germany GmbH<\/strong> ju ofron nj\u00eb <strong>zgjidhje t\u00eb plot\u00eb (Full-Service)<\/strong> t\u00eb p\u00ebrshtatur sipas nevojave tuaja \u2013 me besueshm\u00ebri, efikasitet dhe profesionaliz\u00ebm.<\/p>\n\n\n\n<h2 class=\"wp-block-heading\">Sh\u00ebrbimet tona \u2013 Nd\u00ebrmjet\u00ebsim pun\u00ebsimi nga nj\u00eb dor\u00eb e vetme<\/h2>\n\n\n\n<p>Ne nd\u00ebrmjet\u00ebsojm\u00eb <strong>profesionist\u00eb t\u00eb kualifikuar dhe t\u00eb motivuar<\/strong>, t\u00eb cil\u00ebt jan\u00eb p\u00ebrgatitur n\u00eb m\u00ebnyr\u00eb specifike p\u00ebr tregun gjerman t\u00eb pun\u00ebs:<\/p>\n\n\n\n<ul>\n<li class=\"has-small-font-size\">Infermier\u00eb\/e t\u00eb p\u00ebrgjithsh\u00ebm (pas njohjes s\u00eb diplom\u00ebs \u2013 GKP)<\/li>\n\n\n\n<li class=\"has-small-font-size\">Infermier\u00eb\/e pediatrik\u00eb<\/li>\n\n\n\n<li class=\"has-small-font-size\">Mami<\/li>\n\n\n\n<li class=\"has-small-font-size\">Teknik\u00eb t\u00eb Radiologjis\u00eb (MTRA)<\/li>\n\n\n\n<li class=\"has-small-font-size\">Teknik\u00eb Laboratori (MTLA)<\/li>\n\n\n\n<li class=\"has-small-font-size\">Fizioterapist\u00eb<\/li>\n<\/ul>\n\n\n\n<h2 class=\"wp-block-heading\">Qasja jon\u00eb Full-Service<\/h2>\n\n\n\n<ul>\n<li class=\"has-small-font-size\">Marrja p\u00ebrsip\u00ebr e plot\u00eb e procedur\u00ebs s\u00eb njohjes s\u00eb diplom\u00ebs (Anerkennung) \u2013 nga aplikimi deri te pajisja me licenc\u00eb (Urkunde).<\/li>\n\n\n\n<li class=\"has-small-font-size\">Koordinimi i plot\u00eb i t\u00eb gjitha hapave dhe afateve zyrtare.<\/li>\n\n\n\n<li class=\"has-small-font-size\">Pik\u00eb qendrore kontakti p\u00ebr pun\u00ebdh\u00ebn\u00ebsit dhe kandidat\u00ebt.<\/li>\n\n\n\n<li class=\"has-small-font-size\">Procese transparente dhe p\u00ebrpunim i sigurt ligjor.<\/li>\n<\/ul>\n\n\n\n<h2 class=\"wp-block-heading\">P\u00ebrfitimet tuaja me PMK<\/h2>\n\n\n\n<ul class=\"has-small-font-size\">\n<li style=\"font-style:normal;font-weight:400\" class=\"has-small-font-size\">Asnj\u00eb ngarkes\u00eb administrative ose zyrtare p\u00ebr ju.<\/li>\n<\/ul>\n\n\n\n<ul class=\"has-small-font-size\">\n<li style=\"font-style:normal;font-weight:400\" class=\"has-small-font-size\">Eliminim i k\u00ebrkimit kushtues dhe t\u00eb gjat\u00eb p\u00ebr staf.<\/li>\n<\/ul>\n\n\n\n<ul class=\"has-small-font-size\">\n<li style=\"font-style:normal;font-weight:400\" class=\"has-small-font-size\">Plot\u00ebsim i shpejt\u00eb dhe i sakt\u00eb i vendeve t\u00eb lira t\u00eb pun\u00ebs.<\/li>\n<\/ul>\n\n\n\n<ul class=\"has-small-font-size\">\n<li style=\"font-style:normal;font-weight:400\" class=\"has-small-font-size\">Siguri n\u00eb planifikim p\u00ebrmes proceseve t\u00eb strukturuara.<\/li>\n<\/ul>\n\n\n\n<ul class=\"has-small-font-size\">\n<li style=\"font-style:normal;font-weight:400\" class=\"has-small-font-size\">Mb\u00ebshtetje personale dhe partneritete afatgjata.<\/li>\n<\/ul>\n\n\n\n<p class=\"has-small-font-size\"><em>Diskrecioni, cil\u00ebsia dhe besueshm\u00ebria jan\u00eb t\u00eb vet\u00ebkuptueshme p\u00ebr ne.<\/em><\/p>\n\n\n\n<div style=\"height:59px\" aria-hidden=\"true\" class=\"wp-block-spacer\"><\/div>\n\n\n\n<h1 class=\"wp-block-heading\"><strong>Si funksionon bashk\u00ebpunimi me PMK<\/strong><\/h1>\n\n\n\n<div style=\"height:59px\" aria-hidden=\"true\" class=\"wp-block-spacer\"><\/div>\n\n\n\n<p class=\"has-medium-font-size\" style=\"font-style:normal;font-weight:600\"><strong>Rekrutimi Nd\u00ebrkomb\u00ebtar<\/strong> <img loading=\"lazy\" decoding=\"async\" width=\"40\" height=\"40\" class=\"wp-image-1853\" style=\"width: 40px;\" src=\"https:\/\/pmk-medical-germany.de\/al\/wp-content\/uploads\/sites\/8\/2026\/02\/online-survey_7527282.png\" alt=\"\" srcset=\"https:\/\/pmk-medical-germany.de\/al\/wp-content\/uploads\/sites\/8\/2026\/02\/online-survey_7527282.png 512w, https:\/\/pmk-medical-germany.de\/al\/wp-content\/uploads\/sites\/8\/2026\/02\/online-survey_7527282-300x300.png 300w, https:\/\/pmk-medical-germany.de\/al\/wp-content\/uploads\/sites\/8\/2026\/02\/online-survey_7527282-150x150.png 150w\" sizes=\"(max-width: 40px) 100vw, 40px\" \/><\/p>\n\n\n\n<div style=\"height:41px\" aria-hidden=\"true\" class=\"wp-block-spacer\"><\/div>\n\n\n\n<p class=\"has-small-font-size\" style=\"font-style:normal;font-weight:400\">Ne rekrutojm\u00eb profesionist\u00eb t\u00eb kualifikuar nga Evropa Jugore dhe Juglindore, Maroku dhe India. Foku i yn\u00eb mbetet vazhdimisht te kualifikimi profesional, vet\u00ebmotivimi i lart\u00eb dhe nj\u00eb perspektiv\u00eb afatgjat\u00eb karriere n\u00eb Gjermani.<\/p>\n\n\n\n<div style=\"height:41px\" aria-hidden=\"true\" class=\"wp-block-spacer\"><\/div>\n\n\n\n<p class=\"has-medium-font-size\" style=\"font-style:normal;font-weight:600\"><strong>Prezantimi i profileve t\u00eb verifikuara<\/strong> <img loading=\"lazy\" decoding=\"async\" width=\"40\" height=\"40\" class=\"wp-image-1852\" style=\"width: 40px;\" src=\"https:\/\/pmk-medical-germany.de\/al\/wp-content\/uploads\/sites\/8\/2026\/02\/resume.png\" alt=\"\" srcset=\"https:\/\/pmk-medical-germany.de\/al\/wp-content\/uploads\/sites\/8\/2026\/02\/resume.png 512w, https:\/\/pmk-medical-germany.de\/al\/wp-content\/uploads\/sites\/8\/2026\/02\/resume-300x300.png 300w, https:\/\/pmk-medical-germany.de\/al\/wp-content\/uploads\/sites\/8\/2026\/02\/resume-150x150.png 150w\" sizes=\"(max-width: 40px) 100vw, 40px\" \/><\/p>\n\n\n\n<div style=\"height:41px\" aria-hidden=\"true\" class=\"wp-block-spacer\"><\/div>\n\n\n\n<p class=\"has-small-font-size\" style=\"font-style:normal;font-weight:400\">Pas nj\u00eb p\u00ebrzgjedhjeje paraprake intensive, ju pranoni dosje (dossiers) kuptimplota dhe t\u00eb strukturuara. Kandidat\u00ebt e p\u00ebrzgjedhur rezervohen ekskluzivisht p\u00ebr ju, p\u00ebr t&#8217;ju garantuar siguri maksimale n\u00eb planifikim.<\/p>\n\n\n\n<div style=\"height:41px\" aria-hidden=\"true\" class=\"wp-block-spacer\"><\/div>\n\n\n\n<p class=\"has-medium-font-size\" style=\"font-style:normal;font-weight:600\"><strong>P\u00ebrzgjedhja personale dhe intervistat<\/strong> <img loading=\"lazy\" decoding=\"async\" width=\"40\" height=\"40\" class=\"wp-image-1855\" style=\"width: 40px;\" src=\"https:\/\/pmk-medical-germany.de\/al\/wp-content\/uploads\/sites\/8\/2026\/02\/hiring.png\" alt=\"\" srcset=\"https:\/\/pmk-medical-germany.de\/al\/wp-content\/uploads\/sites\/8\/2026\/02\/hiring.png 512w, https:\/\/pmk-medical-germany.de\/al\/wp-content\/uploads\/sites\/8\/2026\/02\/hiring-300x300.png 300w, https:\/\/pmk-medical-germany.de\/al\/wp-content\/uploads\/sites\/8\/2026\/02\/hiring-150x150.png 150w\" sizes=\"(max-width: 40px) 100vw, 40px\" \/><\/p>\n\n\n\n<div style=\"height:41px\" aria-hidden=\"true\" class=\"wp-block-spacer\"><\/div>\n\n\n\n<p class=\"has-small-font-size\" style=\"font-style:normal;font-weight:400\">P\u00ebrzgjedhja p\u00ebrfundimtare b\u00ebhet p\u00ebrmes intervistave personale t\u00eb strukturuara. N\u00eb k\u00ebt\u00eb m\u00ebnyr\u00eb, ne sigurohemi q\u00eb vet\u00ebm talentet e duhura n\u00eb aspektin profesional dhe njer\u00ebzor t\u00eb p\u00ebrfshihen n\u00eb hapat e m\u00ebtejsh\u00ebm.<\/p>\n\n\n\n<div style=\"height:41px\" aria-hidden=\"true\" class=\"wp-block-spacer\"><\/div>\n\n\n\n<p class=\"has-medium-font-size\" style=\"font-style:normal;font-weight:600\"><strong>Intervistar online me pun\u00ebdh\u00ebn\u00ebsin<\/strong> <img loading=\"lazy\" decoding=\"async\" width=\"40\" height=\"40\" class=\"wp-image-1854\" style=\"width: 40px;\" src=\"https:\/\/pmk-medical-germany.de\/al\/wp-content\/uploads\/sites\/8\/2026\/02\/interview.png\" alt=\"\" srcset=\"https:\/\/pmk-medical-germany.de\/al\/wp-content\/uploads\/sites\/8\/2026\/02\/interview.png 512w, https:\/\/pmk-medical-germany.de\/al\/wp-content\/uploads\/sites\/8\/2026\/02\/interview-300x300.png 300w, https:\/\/pmk-medical-germany.de\/al\/wp-content\/uploads\/sites\/8\/2026\/02\/interview-150x150.png 150w\" sizes=\"(max-width: 40px) 100vw, 40px\" \/><\/p>\n\n\n\n<div style=\"height:41px\" aria-hidden=\"true\" class=\"wp-block-spacer\"><\/div>\n\n\n\n<p class=\"has-small-font-size\" style=\"font-style:normal;font-weight:400\">Intervistat e pun\u00ebs zhvillohen p\u00ebrmes platformave profesionale si Zoom, Webex ose Microsoft Teams. PMK koordinon dhe organizon plot\u00ebsisht t\u00eb gjith\u00eb procesin e intervistimit.<\/p>\n\n\n\n<div style=\"height:41px\" aria-hidden=\"true\" class=\"wp-block-spacer\"><\/div>\n\n\n\n<p class=\"has-medium-font-size\" style=\"font-style:normal;font-weight:600\"><strong>N\u00ebnshkrimi i kontrat\u00ebs dhe mb\u00ebshtetja Full-Service<\/strong> <img loading=\"lazy\" decoding=\"async\" width=\"40\" height=\"40\" class=\"wp-image-1856\" style=\"width: 40px;\" src=\"https:\/\/pmk-medical-germany.de\/al\/wp-content\/uploads\/sites\/8\/2026\/02\/hire.png\" alt=\"\" srcset=\"https:\/\/pmk-medical-germany.de\/al\/wp-content\/uploads\/sites\/8\/2026\/02\/hire.png 512w, https:\/\/pmk-medical-germany.de\/al\/wp-content\/uploads\/sites\/8\/2026\/02\/hire-300x300.png 300w, https:\/\/pmk-medical-germany.de\/al\/wp-content\/uploads\/sites\/8\/2026\/02\/hire-150x150.png 150w\" sizes=\"(max-width: 40px) 100vw, 40px\" \/><\/p>\n\n\n\n<div style=\"height:41px\" aria-hidden=\"true\" class=\"wp-block-spacer\"><\/div>\n\n\n\n<p class=\"has-small-font-size\" style=\"font-style:normal;font-weight:400\">Pas vendimit tuaj, ju n\u00ebnshkruani kontrat\u00ebn e pun\u00ebs drejtp\u00ebrdrejt me profesionistin. PMK merr p\u00ebrsip\u00ebr m\u00eb pas t\u00eb gjith\u00eb procedur\u00ebn \u2013 nga p\u00ebrpunimi i plot\u00eb i njohjes s\u00eb diplom\u00ebs deri te shoq\u00ebrimi i transferimit dhe fillimi me sukses i pun\u00ebs n\u00eb Gjermani.<\/p>\n","protected":false},"excerpt":{"rendered":"<p>Rekrutimi Mungesa n\u00eb rritje e fuqis\u00eb pun\u00ebtore t\u00eb kualifikuar n\u00eb sektorin e sh\u00ebndet\u00ebsis\u00eb paraqet sfida t\u00eb m\u00ebdha p\u00ebr shum\u00eb institucione. K\u00ebrkimi i vazhduesh\u00ebm p\u00ebr staf, procedurat komplekse t\u00eb njohjes s\u00eb diplomave dhe pengesat burokratike kushtojn\u00eb burime t\u00eb vlefshme. PMK Medical Germany GmbH ju ofron nj\u00eb zgjidhje t\u00eb plot\u00eb (Full-Service) t\u00eb p\u00ebrshtatur sipas nevojave tuaja \u2013 [&hellip;]<\/p>\n","protected":false},"author":1,"featured_media":0,"parent":0,"menu_order":269,"comment_status":"closed","ping_status":"closed","template":"","meta":{"footnotes":""},"_links":{"self":[{"href":"https:\/\/pmk-medical-germany.de\/al\/wp-json\/wp\/v2\/pages\/18"}],"collection":[{"href":"https:\/\/pmk-medical-germany.de\/al\/wp-json\/wp\/v2\/pages"}],"about":[{"href":"https:\/\/pmk-medical-germany.de\/al\/wp-json\/wp\/v2\/types\/page"}],"author":[{"embeddable":true,"href":"https:\/\/pmk-medical-germany.de\/al\/wp-json\/wp\/v2\/users\/1"}],"replies":[{"embeddable":true,"href":"https:\/\/pmk-medical-germany.de\/al\/wp-json\/wp\/v2\/comments?post=18"}],"version-history":[{"count":32,"href":"https:\/\/pmk-medical-germany.de\/al\/wp-json\/wp\/v2\/pages\/18\/revisions"}],"predecessor-version":[{"id":1883,"href":"https:\/\/pmk-medical-germany.de\/al\/wp-json\/wp\/v2\/pages\/18\/revisions\/1883"}],"wp:attachment":[{"href":"https:\/\/pmk-medical-germany.de\/al\/wp-json\/wp\/v2\/media?parent=18"}],"curies":[{"name":"wp","href":"https:\/\/api.w.org\/{rel}","templated":true}]}}