{"id":23,"date":"2012-05-04T13:11:06","date_gmt":"2012-05-04T11:11:06","guid":{"rendered":"http:\/\/pmk-medical-germany.de\/de-pmk-europe\/"},"modified":"2021-03-22T11:54:37","modified_gmt":"2021-03-22T10:54:37","slug":"pmk-europe","status":"publish","type":"page","link":"https:\/\/pmk-medical-germany.de\/al\/pmk-europe\/","title":{"rendered":"PMK Medical Germany Europe"},"content":{"rendered":"<h2>PMK Medical Germany<\/h2>\n<p>Mungesa e pun\u00ebtor\u00ebve t\u00eb kualifikuar n\u00eb fush\u00ebn e infermieris\u00eb n\u00eb Gjermani \u00ebsht\u00eb jasht\u00ebzakonisht\u00eb e madhe. Kompania PMK Medical Germany sh.p.k ju ndihmon p\u00ebr t\u00eb gjetur personelin e duhur.<br \/>\nNe rekrutojm\u00eb personal t\u00eb profesionalizuar nga k\u00ebto shtete:<\/p>\n<ul>\n<li>Shqip\u00ebri (focus t\u00eb ve\u00e7ant\u00eb)<\/li>\n<li>Kosova<\/li>\n<li>Maqedonia veriore<\/li>\n<\/ul>\n<p>&nbsp;<\/p>\n<p>Kompania PMK merr p\u00ebrsip\u00ebr sh\u00ebrbimet e m\u00ebposhtme:<\/p>\n<ul>\n<li>zgjedhja personale e kandidat\u00ebve<\/li>\n<li>procesin e ter\u00ebsish\u00ebm t\u00eb njohjes s\u00eb profesionit<\/li>\n<li>lejen e punes dhe lejen e q\u00ebndrimit<\/li>\n<li>procesin e ter\u00ebsish\u00ebm t\u00eb marrjes s\u00eb viz\u00ebs<\/li>\n<li>organizimin e udh\u00ebtimit<\/li>\n<li>mb\u00ebshtetje pran\u00eb organeve administrative<\/li>\n<li>mb\u00ebshtetje p\u00ebrgjat\u00eb rrug\u00ebs s\u00eb integrimit<\/li>\n<\/ul>\n","protected":false},"excerpt":{"rendered":"<p>PMK Medical Germany Mungesa e pun\u00ebtor\u00ebve t\u00eb kualifikuar n\u00eb fush\u00ebn e infermieris\u00eb n\u00eb Gjermani \u00ebsht\u00eb jasht\u00ebzakonisht\u00eb e madhe. Kompania PMK Medical Germany sh.p.k ju ndihmon p\u00ebr t\u00eb gjetur personelin e duhur. Ne rekrutojm\u00eb personal t\u00eb profesionalizuar nga k\u00ebto shtete: Shqip\u00ebri (focus t\u00eb ve\u00e7ant\u00eb) Kosova Maqedonia veriore &nbsp; Kompania PMK merr p\u00ebrsip\u00ebr sh\u00ebrbimet e m\u00ebposhtme: zgjedhja [&hellip;]<\/p>\n","protected":false},"author":1,"featured_media":0,"parent":0,"menu_order":267,"comment_status":"closed","ping_status":"closed","template":"","meta":{"footnotes":""},"_links":{"self":[{"href":"https:\/\/pmk-medical-germany.de\/al\/wp-json\/wp\/v2\/pages\/23"}],"collection":[{"href":"https:\/\/pmk-medical-germany.de\/al\/wp-json\/wp\/v2\/pages"}],"about":[{"href":"https:\/\/pmk-medical-germany.de\/al\/wp-json\/wp\/v2\/types\/page"}],"author":[{"embeddable":true,"href":"https:\/\/pmk-medical-germany.de\/al\/wp-json\/wp\/v2\/users\/1"}],"replies":[{"embeddable":true,"href":"https:\/\/pmk-medical-germany.de\/al\/wp-json\/wp\/v2\/comments?post=23"}],"version-history":[{"count":3,"href":"https:\/\/pmk-medical-germany.de\/al\/wp-json\/wp\/v2\/pages\/23\/revisions"}],"predecessor-version":[{"id":1421,"href":"https:\/\/pmk-medical-germany.de\/al\/wp-json\/wp\/v2\/pages\/23\/revisions\/1421"}],"wp:attachment":[{"href":"https:\/\/pmk-medical-germany.de\/al\/wp-json\/wp\/v2\/media?parent=23"}],"curies":[{"name":"wp","href":"https:\/\/api.w.org\/{rel}","templated":true}]}}