 {"id":344,"date":"2012-04-23T19:04:53","date_gmt":"2012-04-23T17:04:53","guid":{"rendered":"http:\/\/pmk-medical-germany.de\/de-startseite\/"},"modified":"2026-02-18T00:45:53","modified_gmt":"2026-02-17T23:45:53","slug":"startseite","status":"publish","type":"page","link":"https:\/\/pmk-medical-germany.de\/al\/","title":{"rendered":"Startseite"},"content":{"rendered":"<section style=\"padding: 40px 0 20px 0;background-color: #ffffff;font-family: 'Open Sans', sans-serif\">\n<div style=\"max-width: 1200px;margin: 0 auto;padding: 0 20px\">\n<div style=\"max-width: 900px;margin: 0 auto;text-align: center\">\n<h2 style=\"font-size: 28px;font-weight: bold;margin-bottom: 24px;line-height: 1.2\">Mir\u00ebsevini n\u00eb PMK Medical Germany GmbH<\/h2>\n<p style=\"font-size: 20px;color: #4b5563;line-height: 1.6\">Ne jemi partneri juaj kompetent n\u00eb fush\u00ebn e rekrutimit t\u00eb drejtp\u00ebrdrejt\u00eb. Si partner fleksib\u00ebl, ju mb\u00ebshtesim n\u00eb sfidat tuaja p\u00ebr burime njer\u00ebzore dhe gjejm\u00eb s\u00eb bashku zgjidhjen m\u00eb t\u00eb mir\u00eb t\u00eb mundshme.<\/p>\n<\/div>\n<\/div>\n<\/section>\n\n\n<div class=\"wp-block-columns alignwide is-layout-flex wp-container-core-columns-is-layout-1 wp-block-columns-is-layout-flex\" style=\"margin-bottom:0\">\n<div class=\"wp-block-column has-text-color has-link-color wp-elements-35a2b95cce52bf752dffa6a23dc948d3 is-layout-flow wp-block-column-is-layout-flow\" style=\"color:#000000;padding-top:2em;padding-right:2em;padding-bottom:2em;padding-left:2em\">\n<h1 class=\"wp-block-heading\" id=\"single\" style=\"font-size:30px;font-style:normal;font-weight:400\">P\u00ebr Kandidat\u00ebt<\/h1>\n\n\n\n<p style=\"font-size:19px;font-style:normal;font-weight:100;line-height:1.5\">Mb\u00ebshtetje profesionale n\u00eb rrug\u00ebn tuaj drejt Gjermanis\u00eb \u2013 nga m\u00ebsimi i gjuh\u00ebs deri te integrimi.<\/p>\n\n\n\n<div class=\"wp-block-buttons alignfull is-horizontal is-content-justification-center is-layout-flex wp-container-core-buttons-is-layout-1 wp-block-buttons-is-layout-flex\">\n<div class=\"wp-block-button has-custom-width wp-block-button__width-100 is-style-outline\"><a class=\"wp-block-button__link has-text-color no-border-radius wp-element-button\" href=\"https:\/\/pmk-medical-germany.de\/al\/informationen\/\" style=\"color:#1aad45\">M\u00ebso m\u00eb shum\u00eb \u2192<\/a><\/div>\n<\/div>\n<\/div>\n\n\n\n<div class=\"wp-block-column has-text-color has-link-color wp-elements-6b445c146926d93c44d50bdac2ea783a is-layout-flow wp-block-column-is-layout-flow\" style=\"color:#000000;padding-top:2em;padding-right:2em;padding-bottom:2em;padding-left:2em\">\n<h1 class=\"wp-block-heading\" id=\"single\" style=\"font-size:30px;font-style:normal;font-weight:400\">P\u00ebr Kompanit\u00eb<\/h1>\n\n\n\n<p style=\"font-size:19px;font-style:normal;font-weight:100;line-height:1.5\">Rekrutim efikas i profesionist\u00ebve t\u00eb kualifikuar p\u00ebr institucionin tuaj sh\u00ebndet\u00ebsor.<\/p>\n\n\n\n<p style=\"font-size:19px;font-style:normal;font-weight:100\">\u2192PMK MEDICAL TIRANA<\/p>\n\n\n\n<p style=\"font-size:19px;font-style:normal;font-weight:100\">\u2192PMK MEDICAL SHPK<\/p>\n\n\n\n<div class=\"wp-block-buttons alignfull is-horizontal is-content-justification-center is-layout-flex wp-container-core-buttons-is-layout-2 wp-block-buttons-is-layout-flex\">\n<div class=\"wp-block-button has-custom-width wp-block-button__width-100 is-style-outline\"><a class=\"wp-block-button__link has-text-color no-border-radius wp-element-button\" href=\"https:\/\/pmk-medical-germany.de\/al\/personalvermittlung\/\" style=\"color:#1aad45\">M\u00ebso m\u00eb shum\u00eb \u2192<\/a><\/div>\n<\/div>\n<\/div>\n\n\n\n<div class=\"wp-block-column has-text-color has-link-color wp-elements-3dc39c7acdff6813fb311dceee5fa444 is-layout-flow wp-block-column-is-layout-flow\" style=\"color:#000000;padding-top:2em;padding-right:2em;padding-bottom:2em;padding-left:2em\">\n<h1 class=\"wp-block-heading\" id=\"single\" style=\"font-size:30px;font-style:normal;font-weight:400\">M\u00ebsimi i Gjuh\u00ebs<\/h1>\n\n\n\n<p style=\"font-size:19px;font-style:normal;font-weight:100;line-height:1.5\">Kurse intensive t\u00eb gjermanishtes deri n\u00eb nivelin B2 n\u00eb shkoll\u00ebn ton\u00eb t\u00eb gjuh\u00ebve n\u00eb Tiran\u00eb.<\/p>\n\n\n\n<div class=\"wp-block-buttons alignfull is-horizontal is-content-justification-center is-layout-flex wp-container-core-buttons-is-layout-3 wp-block-buttons-is-layout-flex\">\n<div class=\"wp-block-button has-custom-width wp-block-button__width-100 is-style-outline\"><a class=\"wp-block-button__link has-text-color no-border-radius wp-element-button\" href=\"https:\/\/pmk-medical-germany.de\/al\/927-2\/\" style=\"color:#1aad45\">M\u00ebso m\u00eb shum\u00eb \u2192<\/a><\/div>\n<\/div>\n<\/div>\n<\/div>\n\n\n\n<div style=\"height:127px\" aria-hidden=\"true\" class=\"wp-block-spacer\"><\/div>\n\n\n\n<div class=\"wp-block-columns is-layout-flex wp-container-core-columns-is-layout-2 wp-block-columns-is-layout-flex\">\n<div class=\"wp-block-column is-layout-flow wp-block-column-is-layout-flow\">\n<figure class=\"wp-block-image size-large\"><a href=\"https:\/\/pmk-medical-germany.de\/al\/wp-content\/uploads\/sites\/8\/2025\/11\/AdobeStock_109607206-scaled.jpeg\"><img loading=\"lazy\" decoding=\"async\" width=\"1024\" height=\"839\" src=\"https:\/\/pmk-medical-germany.de\/al\/wp-content\/uploads\/sites\/8\/2025\/11\/AdobeStock_109607206-1024x839.jpeg\" alt=\"\" class=\"wp-image-1670\" srcset=\"https:\/\/pmk-medical-germany.de\/al\/wp-content\/uploads\/sites\/8\/2025\/11\/AdobeStock_109607206-1024x839.jpeg 1024w, https:\/\/pmk-medical-germany.de\/al\/wp-content\/uploads\/sites\/8\/2025\/11\/AdobeStock_109607206-300x246.jpeg 300w, https:\/\/pmk-medical-germany.de\/al\/wp-content\/uploads\/sites\/8\/2025\/11\/AdobeStock_109607206-768x629.jpeg 768w, https:\/\/pmk-medical-germany.de\/al\/wp-content\/uploads\/sites\/8\/2025\/11\/AdobeStock_109607206-1536x1259.jpeg 1536w, https:\/\/pmk-medical-germany.de\/al\/wp-content\/uploads\/sites\/8\/2025\/11\/AdobeStock_109607206-2048x1678.jpeg 2048w\" sizes=\"(max-width: 1024px) 100vw, 1024px\" \/><\/a><\/figure>\n<\/div>\n\n\n\n<div class=\"wp-block-column is-layout-flow wp-block-column-is-layout-flow\">\n<h1 class=\"wp-block-heading has-large-font-size\" style=\"font-style:normal;font-weight:500\">Pse PMK Medical Germany?<\/h1>\n\n\n\n<p class=\"has-medium-font-size\" style=\"font-style:normal;font-weight:200\">Si nj\u00eb rekrutues me p\u00ebrvoj\u00eb n\u00eb fush\u00ebn mjek\u00ebsore, ne ofrojm\u00eb mb\u00ebshtetje t\u00eb plot\u00eb \u2013 nga kontakti i par\u00eb deri te integrimi i suksessh\u00ebm.<\/p>\n\n\n\n<div style=\"height:39px\" aria-hidden=\"true\" class=\"wp-block-spacer\"><\/div>\n\n\n\n<p class=\"has-medium-font-size\" style=\"font-style:normal;font-weight:200\">\u2713 Zgjedhje dhe mb\u00ebshtetje personale e t\u00eb gjith\u00eb kandidat\u00ebve<\/p>\n\n\n\n<p class=\"has-medium-font-size\" style=\"font-style:normal;font-weight:200\">\u2713 Trajtim i plot\u00eb i procesit t\u00eb njohjes s\u00eb kualifikimeve<\/p>\n\n\n\n<p class=\"has-medium-font-size\" style=\"font-style:normal;font-weight:200\">\u2713 Organizimi i viz\u00ebs dhe lejes s\u00eb pun\u00ebs<\/p>\n\n\n\n<p class=\"has-medium-font-size\" style=\"font-style:normal;font-weight:200\">\u2713 Shkoll\u00eb e vet\u00eb gjuh\u00ebs p\u00ebr certifikimin B2<\/p>\n\n\n\n<p class=\"has-medium-font-size\" style=\"font-style:normal;font-weight:200\">\u2713 Mb\u00ebshtetje p\u00ebr integrimin n\u00eb Gjermani<\/p>\n\n\n\n<p class=\"has-medium-font-size\" style=\"font-style:normal;font-weight:200\">\u2713 Mb\u00ebshtetje afatgjat\u00eb pas fillimit t\u00eb pun\u00ebs<\/p>\n<\/div>\n<\/div>\n\n\n\n<div style=\"height:96px\" aria-hidden=\"true\" class=\"wp-block-spacer\"><\/div>\n\n\n\n<script data-cfasync=\"false\" type=\"text\/javascript\">var lsjQuery = jQuery;<\/script><script data-cfasync=\"false\" type=\"text\/javascript\"> lsjQuery(document).ready(function() { if(typeof lsjQuery.fn.layerSlider == \"undefined\") { lsShowNotice('layerslider_3_1','jquery'); } else { lsjQuery(\"#layerslider_3_1\").layerSlider({skinsPath: 'https:\/\/pmk-medical-germany.de\/al\/wp-content\/plugins\/LayerSlider\/static\/skins\/'}) } }); <\/script><div class=\"ls-wp-fullwidth-container\" style=\"height:100px;\"><div class=\"ls-wp-fullwidth-helper\"><div id=\"layerslider_3_1\" class=\"ls-wp-container\" style=\"width:600px;height:100px;margin:0 auto;margin-bottom: 0px;\"><div class=\"ls-slide\" data-ls=\" transition2d: all;\"><div class=\"ls-l\" style=\"top:0px;left:0px;width:1000px;height:205px;background:rgba(54, 51, 51, 0.89);white-space: nowrap;\"><\/div><p class=\"ls-l\" style=\"top:40%;left:12.5%;font-size:25px;line-height:85px;color:#1aad45;white-space: nowrap;\">500+<\/p><p class=\"ls-l\" style=\"top:40%;left:37.5%;font-size:25px;color:#1aad45;white-space: nowrap;\">50+<\/p><p class=\"ls-l\" style=\"top:40%;left:62.5%;font-size:25px;color:#1aad45;white-space: nowrap;\">3<\/p><p class=\"ls-l\" style=\"top:40%;left:87.5%;font-size:25px;color:#1aad45;white-space: nowrap;\">98%<\/p><p class=\"ls-l\" style=\"top:70%;left:30px;font-family:open sans;color:#ffffff;white-space: nowrap;\">T\u00eb pun\u00ebsuar<\/p><p class=\"ls-l\" style=\"top:70%;left:173px;font-family:open sans;color:#ffffff;white-space: nowrap;\">Klinika partnere<\/p><p class=\"ls-l\" style=\"top:70%;left:351px;font-family:open sans;color:#ffffff;white-space: nowrap;\">Lokacione<\/p><p class=\"ls-l\" style=\"top:70%;left:483px;font-family:open sans;color:#ffffff;white-space: nowrap;\">Norm\u00eb suksesi<\/p><\/div><\/div><\/div><\/div>\n\n\n\n<div style=\"height:90px\" aria-hidden=\"true\" class=\"wp-block-spacer\"><\/div>\n\n\n\n<section style=\"padding: 40px 0 20px 0; background-color: #ffffff; font-family: 'Open Sans', sans-serif;\">\n<div style=\"max-width: 1200px; margin: 0 auto; padding: 0 20px;\">\n<div style=\"max-width: 900px; margin: 0 auto; text-align: center;\">\n<h2 style=\"font-size: 28px; font-weight: bold; margin-bottom: 24px; line-height: 1.2;\"><strong data-start=\"222\" data-end=\"248\">Gati p\u00ebr hapin tjet\u00ebr?<\/strong><\/h2>\n<p style=\"font-size: 20px; color: #4b5563; line-height: 1.6;\">Qoft\u00eb n\u00ebse jeni n\u00eb k\u00ebrkim t\u00eb nj\u00eb sfide t\u00eb re profesionale apo keni nevoj\u00eb p\u00ebr staf t\u00eb kualifikuar \u2013 ne jemi k\u00ebtu p\u00ebr t\u2019ju ndihmuar.<\/p>\n<\/div>\n<\/div>\n<\/section>\n\n\n\n<div class=\"wp-block-buttons is-content-justification-center is-layout-flex wp-container-core-buttons-is-layout-4 wp-block-buttons-is-layout-flex\">\n<div class=\"wp-block-button\"><a class=\"wp-block-button__link wp-element-button\" href=\"https:\/\/pmk-medical-germany.de\/al\/kontakt\/\" style=\"border-radius:0px\">Kontakto<\/a><\/div>\n\n\n\n<div class=\"wp-block-button\"><a class=\"wp-block-button__link wp-element-button\" href=\"https:\/\/pmk-medical-germany.de\/al\/online-bewerbung-auswahl\/\" style=\"border-radius:0px\">Apliko tani<\/a><\/div>\n<\/div>\n\n\n\n<div style=\"height:87px\" aria-hidden=\"true\" class=\"wp-block-spacer\"><\/div>\n","protected":false},"excerpt":{"rendered":"<p>Mir\u00ebsevini n\u00eb PMK Medical Germany GmbH Ne jemi partneri juaj kompetent n\u00eb fush\u00ebn e rekrutimit t\u00eb drejtp\u00ebrdrejt\u00eb. Si partner fleksib\u00ebl, ju mb\u00ebshtesim n\u00eb sfidat tuaja p\u00ebr burime njer\u00ebzore dhe gjejm\u00eb s\u00eb bashku zgjidhjen m\u00eb t\u00eb mir\u00eb t\u00eb mundshme. P\u00ebr Kandidat\u00ebt Mb\u00ebshtetje profesionale n\u00eb rrug\u00ebn tuaj drejt Gjermanis\u00eb \u2013 nga m\u00ebsimi i gjuh\u00ebs deri te integrimi. [&hellip;]<\/p>\n","protected":false},"author":1,"featured_media":0,"parent":0,"menu_order":1,"comment_status":"closed","ping_status":"closed","template":"","meta":{"footnotes":""},"_links":{"self":[{"href":"https:\/\/pmk-medical-germany.de\/al\/wp-json\/wp\/v2\/pages\/344"}],"collection":[{"href":"https:\/\/pmk-medical-germany.de\/al\/wp-json\/wp\/v2\/pages"}],"about":[{"href":"https:\/\/pmk-medical-germany.de\/al\/wp-json\/wp\/v2\/types\/page"}],"author":[{"embeddable":true,"href":"https:\/\/pmk-medical-germany.de\/al\/wp-json\/wp\/v2\/users\/1"}],"replies":[{"embeddable":true,"href":"https:\/\/pmk-medical-germany.de\/al\/wp-json\/wp\/v2\/comments?post=344"}],"version-history":[{"count":29,"href":"https:\/\/pmk-medical-germany.de\/al\/wp-json\/wp\/v2\/pages\/344\/revisions"}],"predecessor-version":[{"id":1896,"href":"https:\/\/pmk-medical-germany.de\/al\/wp-json\/wp\/v2\/pages\/344\/revisions\/1896"}],"wp:attachment":[{"href":"https:\/\/pmk-medical-germany.de\/al\/wp-json\/wp\/v2\/media?parent=344"}],"curies":[{"name":"wp","href":"https:\/\/api.w.org\/{rel}","templated":true}]}}