{"id":458,"date":"2015-09-17T12:11:02","date_gmt":"2015-09-17T10:11:02","guid":{"rendered":"http:\/\/pmk-medical-germany.de\/?page_id=458"},"modified":"2021-03-22T12:02:45","modified_gmt":"2021-03-22T11:02:45","slug":"informationen","status":"publish","type":"page","link":"https:\/\/pmk-medical-germany.de\/al\/informationen\/","title":{"rendered":"Bewerber Informationen &#8211; Informatat"},"content":{"rendered":"<div id=\"content_right\">\n<div class=\"item-page\">\n<h2><strong>Ne jemi duke k\u00ebrkuar p\u00ebr klient\u00ebt tan\u00eb?<\/strong><\/h2>\n<p>&nbsp;<\/p>\n<ul>\n<li>Infermier\u00eb \/ motra medicinale<\/li>\n<li>Infermier\u00eb pediat\u00ebr<\/li>\n<li>Mami<\/li>\n<li>Asistent\u00eb radiologjie<\/li>\n<li>Asistent\u00eb laboratorie<\/li>\n<li>Fizioterapist\u00eb<\/li>\n<\/ul>\n<h3><strong>SH\u00cbRBIMET P\u00cbR KANDIDAT\u00cbT TAN\u00cb<\/strong><\/h3>\n<ul>\n<li>Pun\u00eb shum\u00eb t\u00eb mira n\u00eb Gjermani me pun\u00ebdh\u00ebn\u00ebs t\u00eb mir\u00ebnjohur dhe t\u00eb shk\u00eblqyesh\u00ebm<\/li>\n<li>Aplikim online p\u00ebr viz\u00ebn e nevojshme<\/li>\n<li>P\u00ebrgatitjen e t\u00eb gjitha dokumenteve p\u00ebr viz\u00eb<\/li>\n<li>Trajnim intensiv dhe i orientuar i m\u00ebsimit t\u00eb gjuh\u00ebs gjermane n\u00eb institutin ton\u00eb gjuh\u00ebsor<\/li>\n<li>Marrja p\u00ebrsip\u00ebr e t\u00eb gjith\u00eb procesit t\u00eb njohjes s\u00eb profesionit tuaj (procesi i nostrifikimit)<\/li>\n<li>Shoq\u00ebrimi dhe mb\u00ebshtetja p\u00ebrgjat\u00eb procedur\u00ebs s\u00eb aplikimit (p.sh. vizitat tek autoritetet administarive)<\/li>\n<li>Ndihm\u00eb n\u00eb gjetjen e akomodimit p\u00ebr familjet tuaja.<\/li>\n<\/ul>\n<h3><strong>Klient<\/strong><strong>\u00eb<\/strong><strong>t tan\u00eb<\/strong><\/h3>\n<ul>\n<li>Klinikat universitare<\/li>\n<li>Klinikat e kujdesit maksimal, baz\u00eb dhe standard<\/li>\n<li>Klinikat rehabilitive<\/li>\n<li>Laboret<\/li>\n<li>Qendrat Radiologjike<\/li>\n<li>Qendrat Fizioterapeutike<\/li>\n<\/ul>\n<p>&nbsp;<\/p>\n<h2><strong>INFORMACION MBI FILLIMIN E PUN\u00cbS N\u00cb GJERMANI<\/strong><\/h2>\n<p><strong>K\u00ebrkesat p\u00ebr t\u00eb punuar n\u00eb Gjermani<\/strong><\/p>\n<ul>\n<li>P\u00ebrfundim t\u00eb suksesh\u00ebm t\u00eb nj\u00eb studimi p\u00ebrkat\u00ebs 3 vje\u00e7ar<\/li>\n<li>P\u00ebrfundim i nj\u00eb shkoll\u00eb t\u00eb lart\u00eb apo universitare<\/li>\n<li>d\u00ebshmi e nj\u00eb praktike 3 mujore t\u00eb licenc\u00ebs<\/li>\n<li>Leje valide p\u00ebr ushtrimin e profesionit<\/li>\n<\/ul>\n<p>&nbsp;<\/p>\n<p>PMK Medical GmbH merr p\u00ebrsip\u00ebr t\u00eb gjitha detyrat dhe obligimet administrative p\u00ebr ju deri n\u00eb fillimin e pun\u00ebs n\u00eb Gjermani.<\/p>\n<p>&nbsp;<\/p>\n<hr \/>\n<h3><strong>Kemi zgjuar intersin Tauj?<\/strong><\/h3>\n<p>&nbsp;<\/p>\n<p>Na kontaktoni n\u00eb info@pkm-medical.de ose na telefononi direkt, ju mund t\u00eb gjeni numrat tan\u00eb t\u00eb telefonit n\u00ebn Kontakt<\/p>\n<p>&nbsp;<\/p>\n<p>&nbsp;<\/p>\n<p>&nbsp;<\/p>\n<hr \/>\n<p>Thjesht aplikoni k\u00ebtu: aplikim online<\/p>\n<\/div>\n<\/div>\n","protected":false},"excerpt":{"rendered":"<p>Ne jemi duke k\u00ebrkuar p\u00ebr klient\u00ebt tan\u00eb? &nbsp; Infermier\u00eb \/ motra medicinale Infermier\u00eb pediat\u00ebr Mami Asistent\u00eb radiologjie Asistent\u00eb laboratorie Fizioterapist\u00eb SH\u00cbRBIMET P\u00cbR KANDIDAT\u00cbT TAN\u00cb Pun\u00eb shum\u00eb t\u00eb mira n\u00eb Gjermani me pun\u00ebdh\u00ebn\u00ebs t\u00eb mir\u00ebnjohur dhe t\u00eb shk\u00eblqyesh\u00ebm Aplikim online p\u00ebr viz\u00ebn e nevojshme P\u00ebrgatitjen e t\u00eb gjitha dokumenteve p\u00ebr viz\u00eb Trajnim intensiv dhe i orientuar [&hellip;]<\/p>\n","protected":false},"author":1,"featured_media":0,"parent":0,"menu_order":0,"comment_status":"open","ping_status":"closed","template":"","meta":{"footnotes":""},"_links":{"self":[{"href":"https:\/\/pmk-medical-germany.de\/al\/wp-json\/wp\/v2\/pages\/458"}],"collection":[{"href":"https:\/\/pmk-medical-germany.de\/al\/wp-json\/wp\/v2\/pages"}],"about":[{"href":"https:\/\/pmk-medical-germany.de\/al\/wp-json\/wp\/v2\/types\/page"}],"author":[{"embeddable":true,"href":"https:\/\/pmk-medical-germany.de\/al\/wp-json\/wp\/v2\/users\/1"}],"replies":[{"embeddable":true,"href":"https:\/\/pmk-medical-germany.de\/al\/wp-json\/wp\/v2\/comments?post=458"}],"version-history":[{"count":5,"href":"https:\/\/pmk-medical-germany.de\/al\/wp-json\/wp\/v2\/pages\/458\/revisions"}],"predecessor-version":[{"id":1426,"href":"https:\/\/pmk-medical-germany.de\/al\/wp-json\/wp\/v2\/pages\/458\/revisions\/1426"}],"wp:attachment":[{"href":"https:\/\/pmk-medical-germany.de\/al\/wp-json\/wp\/v2\/media?parent=458"}],"curies":[{"name":"wp","href":"https:\/\/api.w.org\/{rel}","templated":true}]}}