{"id":927,"date":"2017-03-26T14:33:44","date_gmt":"2017-03-26T12:33:44","guid":{"rendered":"http:\/\/pmk-medical-germany.de\/?page_id=927"},"modified":"2026-02-18T00:34:51","modified_gmt":"2026-02-17T23:34:51","slug":"927-2","status":"publish","type":"page","link":"https:\/\/pmk-medical-germany.de\/al\/927-2\/","title":{"rendered":"Kooperationen &#8211; Bashk\u00ebpunimi"},"content":{"rendered":"\n<h2 class=\"wp-block-heading has-large-font-size\" style=\"font-style:normal;font-weight:300\">Bashk\u00ebpunimet<\/h2>\n\n\n\n<p>T\u00eb gjith\u00eb kandidat\u00ebt jan\u00eb shum\u00eb t\u00eb motivuar dhe shum\u00eb t\u00eb trajnuar.<\/p>\n\n\n\n<p><strong>P\u00ebrmes shkoll\u00ebs son\u00eb t\u00eb gjuh\u00ebs n\u00eb Tiran\u00eb, kandidat\u00ebt trajnohen deri n\u00eb nivelin e gjuh\u00ebs B2.<\/strong><\/p>\n\n\n\n<p>Kandidat\u00ebt jan\u00eb t\u00eb p\u00ebrgatitur si\u00e7 duhet p\u00ebr aktivitetet e tyre profesionale dhe infermierore.<\/p>\n\n\n\n<div style=\"height:53px\" aria-hidden=\"true\" class=\"wp-block-spacer\"><\/div>\n\n\n\n<div class=\"wp-block-columns is-layout-flex wp-container-core-columns-is-layout-1 wp-block-columns-is-layout-flex\">\n<div class=\"wp-block-column is-layout-flow wp-block-column-is-layout-flow\">\n<p>PMK Medical Shpk<\/p>\n\n\n\n<hr class=\"wp-block-separator has-alpha-channel-opacity\"\/>\n\n\n\n<p>Kompleksi \u201cDeli Jorgji\u201c<br>Ish Parku i autobuzave<br>Pallati 5 , Hyrja 2<br>1001 Tirana\/Albania<\/p>\n\n\n\n<figure class=\"wp-block-image size-full\"><a href=\"https:\/\/pmk-medical-germany.de\/al\/wp-content\/uploads\/sites\/8\/2026\/02\/zyra-300x199-1.jpg\"><img loading=\"lazy\" decoding=\"async\" width=\"300\" height=\"199\" src=\"https:\/\/pmk-medical-germany.de\/al\/wp-content\/uploads\/sites\/8\/2026\/02\/zyra-300x199-1.jpg\" alt=\"\" class=\"wp-image-1887\"\/><\/a><\/figure>\n<\/div>\n\n\n\n<div class=\"wp-block-column is-layout-flow wp-block-column-is-layout-flow\">\n<p>PMK Sprachinsitut SHPK<\/p>\n\n\n\n<hr class=\"wp-block-separator has-alpha-channel-opacity\"\/>\n\n\n\n<p>Blloku Vasil Shanto<br>Preng Bibe Doda<br>Pallati 5,Hyrja 1<br>1001 Tirana\/Albania<\/p>\n\n\n\n<figure class=\"wp-block-image size-full\"><a href=\"https:\/\/pmk-medical-germany.de\/al\/wp-content\/uploads\/sites\/8\/2026\/02\/3-300x200-1.jpg\"><img loading=\"lazy\" decoding=\"async\" width=\"300\" height=\"200\" src=\"https:\/\/pmk-medical-germany.de\/al\/wp-content\/uploads\/sites\/8\/2026\/02\/3-300x200-1.jpg\" alt=\"\" class=\"wp-image-1888\"\/><\/a><\/figure>\n<\/div>\n\n\n\n<div class=\"wp-block-column is-layout-flow wp-block-column-is-layout-flow\">\n<p>PMK Medical Tirana SHPK<\/p>\n\n\n\n<hr class=\"wp-block-separator has-alpha-channel-opacity\"\/>\n\n\n\n<p>Blloku Vasil Shanto<br>Preng Bibe Doda<br>Pallati 5,Hyrja 1<br>1001 Tirana\/Albania<\/p>\n\n\n\n<figure class=\"wp-block-image size-full\"><a href=\"https:\/\/pmk-medical-germany.de\/al\/wp-content\/uploads\/sites\/8\/2026\/02\/zyra-300x199-1.jpg\"><img loading=\"lazy\" decoding=\"async\" width=\"300\" height=\"199\" src=\"https:\/\/pmk-medical-germany.de\/al\/wp-content\/uploads\/sites\/8\/2026\/02\/zyra-300x199-1.jpg\" alt=\"\" class=\"wp-image-1887\"\/><\/a><\/figure>\n<\/div>\n<\/div>\n\n\n\n<p><strong>Kontaktit:<\/strong><\/p>\n\n\n\n<p><strong>Amarilda Hoxha<\/strong> <strong>E-mail:<\/strong> <a target=\"_blank\" rel=\"noreferrer noopener\" href=\"\">ahoxha@pmk-medical-germany.de<\/a><\/p>\n\n\n\n<p><strong>Tel.:<\/strong> +355 68 330 2219<\/p>\n","protected":false},"excerpt":{"rendered":"<p>Bashk\u00ebpunimet T\u00eb gjith\u00eb kandidat\u00ebt jan\u00eb shum\u00eb t\u00eb motivuar dhe shum\u00eb t\u00eb trajnuar. P\u00ebrmes shkoll\u00ebs son\u00eb t\u00eb gjuh\u00ebs n\u00eb Tiran\u00eb, kandidat\u00ebt trajnohen deri n\u00eb nivelin e gjuh\u00ebs B2. Kandidat\u00ebt jan\u00eb t\u00eb p\u00ebrgatitur si\u00e7 duhet p\u00ebr aktivitetet e tyre profesionale dhe infermierore. PMK Medical Shpk Kompleksi \u201cDeli Jorgji\u201cIsh Parku i autobuzavePallati 5 , Hyrja 21001 Tirana\/Albania PMK [&hellip;]<\/p>\n","protected":false},"author":1,"featured_media":0,"parent":0,"menu_order":0,"comment_status":"closed","ping_status":"closed","template":"","meta":{"footnotes":""},"_links":{"self":[{"href":"https:\/\/pmk-medical-germany.de\/al\/wp-json\/wp\/v2\/pages\/927"}],"collection":[{"href":"https:\/\/pmk-medical-germany.de\/al\/wp-json\/wp\/v2\/pages"}],"about":[{"href":"https:\/\/pmk-medical-germany.de\/al\/wp-json\/wp\/v2\/types\/page"}],"author":[{"embeddable":true,"href":"https:\/\/pmk-medical-germany.de\/al\/wp-json\/wp\/v2\/users\/1"}],"replies":[{"embeddable":true,"href":"https:\/\/pmk-medical-germany.de\/al\/wp-json\/wp\/v2\/comments?post=927"}],"version-history":[{"count":11,"href":"https:\/\/pmk-medical-germany.de\/al\/wp-json\/wp\/v2\/pages\/927\/revisions"}],"predecessor-version":[{"id":1891,"href":"https:\/\/pmk-medical-germany.de\/al\/wp-json\/wp\/v2\/pages\/927\/revisions\/1891"}],"wp:attachment":[{"href":"https:\/\/pmk-medical-germany.de\/al\/wp-json\/wp\/v2\/media?parent=927"}],"curies":[{"name":"wp","href":"https:\/\/api.w.org\/{rel}","templated":true}]}}