{"id":359,"date":"2015-09-12T15:05:27","date_gmt":"2015-09-12T13:05:27","guid":{"rendered":"http:\/\/pmk-medical-germany.de\/en\/?page_id=359"},"modified":"2016-02-03T14:56:46","modified_gmt":"2016-02-03T13:56:46","slug":"imprint","status":"publish","type":"page","link":"https:\/\/pmk-medical-germany.de\/en\/imprint\/","title":{"rendered":"Imprint"},"content":{"rendered":"<h3>Imprint<\/h3>\n<p><img loading=\"lazy\" decoding=\"async\" id=\"__wp-temp-img-id\" style=\"float: right;\" src=\"http:\/\/pmk-medical-germany.de\/wp-content\/uploads\/2014\/07\/PMK-Med-Logo.jpg\" alt=\"\" width=\"328\" height=\"96\" \/><\/p>\n<p>Medical Care GmbH<\/p>\n<p>Calwer Stra\u00dfe 1<\/p>\n<p>71034 B\u00f6blingen<\/p>\n<hr \/>\n<p><strong><span id=\"result_box\" class=\"short_text\" lang=\"en\"><span class=\"hps\">Represented by:<\/span><\/span><\/strong><\/p>\n<p>Albrecht Kerschbaumer<\/p>\n<p>Marlene Kerschbaumer<\/p>\n<hr \/>\n<p><strong><span id=\"result_box\" class=\"short_text\" lang=\"en\"><span class=\"hps\">Contact<\/span><span class=\"\">:<\/span><\/span><\/strong><\/p>\n<table>\n<tbody>\n<tr>\n<td>Phone:<\/td>\n<td>+49 (0) 7031 \/ 81 747 &#8211; 0<\/td>\n<\/tr>\n<tr>\n<td>Fax:<\/td>\n<td>+49 (0) 07031 \/ 81 747 &#8211; 19<\/td>\n<\/tr>\n<tr>\n<td>Email:<\/td>\n<td>info@pmk-medical.de<\/td>\n<\/tr>\n<\/tbody>\n<\/table>\n<hr \/>\n<p><strong><span id=\"result_box\" class=\"short_text\" lang=\"en\"><span class=\"hps\">Register:<\/span><\/span><\/strong><\/p>\n<p><span id=\"result_box\" class=\"short_text\" lang=\"en\"><span class=\"hps alt-edited\">Entry on Commercial Register<\/span><span class=\"\">.<\/span><\/span><br \/><span id=\"result_box\" class=\"short_text\" lang=\"en\"><span class=\"hps\">Register court<\/span><span class=\"\">:<\/span><\/span> Stuttgart<br \/><span id=\"result_box\" class=\"short_text\" lang=\"en\"><span class=\"hps\">Registration number:<\/span><\/span>HRB 735413<\/p>\n<hr \/>\n<p><strong><span id=\"result_box\" class=\"short_text\" lang=\"en\"><span class=\"hps\">Tax ID<\/span><\/span>:<\/strong><\/p>\n<p><span id=\"result_box\" class=\"\" lang=\"en\"><span class=\"hps\">Sales tax identification number<\/span> <span class=\"hps\">according to \u00a727 a<\/span> <span class=\"hps\">Value Added Tax Act<\/span><\/span>:<\/p>\n<p>DE274330119<\/p>\n<hr \/>\n<p><strong><span id=\"result_box\" class=\"short_text\" lang=\"en\"><span class=\"hps alt-edited\">Supervisory Authority<\/span><\/span>:<\/strong><\/p>\n<p><em>(<span id=\"result_box\" class=\"\" lang=\"en\"><span class=\"hps\">Licensing authority<\/span> <span class=\"hps\">for the<\/span> <span class=\"hps\">supply of temporary workers<\/span><\/span> &#8211; article 1 \u00a7 1 A\u00dcG)<\/em><br \/> Agentur f\u00fcr Arbeit N\u00fcrnberg<br \/> Richard-Wagner-Platz 5<br \/> 90443 N\u00fcrnberg<\/p>\n<hr \/>\n<p><strong><span id=\"result_box\" class=\"\" lang=\"en\"><span class=\"hps\">Responsible for the content<\/span> <span class=\"hps\">according to<\/span><\/span>\u00a0\u00a7 55 Abs. 2 RStV:<\/strong><\/p>\n<p>Salvatore Falco<\/p>\n<p>Calwer Stra\u00dfe 1<\/p>\n<p>71034 B\u00f6blingen<\/p>\n<hr \/>\n<p><strong><span id=\"result_box\" class=\"short_text\" lang=\"en\"><span class=\"hps\">Sources<\/span> <span class=\"hps\">for<\/span> <span class=\"hps\">the images<\/span> <span class=\"hps\">and graphics used<\/span><\/span>:<\/strong><\/p>\n<p>Fotolia<\/p>\n<p>Quelle: <em><a href=\"http:\/\/www.e-recht24.de\/impressum-generator.html\" rel=\"nofollow\">http:\/\/www.e-recht24.de<\/a><\/em><\/p>\n<hr \/>\n<h2>Haftungsausschluss (Disclaimer)<\/h2>\n<p><span id=\"result_box\" class=\"\" lang=\"en\"><span title=\"Haftung f\u00fcr Inhalte&lt;\/p&gt;\n&lt;p&gt;\"><strong>Liability for content<\/strong><\/span><\/span><\/p>\n<p><span title=\"Als Diensteanbieter sind wir gem\u00e4\u00df \u00a7 7 Abs.1 TMG f\u00fcr eigene Inhalte auf diesen Seiten nach den allgemeinen Gesetzen verantwortlich.\">As a service provider we are responsible according to \u00a7 7 Abs.1 TMG for own contents on these pages under the general laws. <\/span><span title=\"Nach \u00a7\u00a7 8 bis 10 TMG sind wir als Diensteanbieter jedoch nicht verpflichtet, \u00fcbermittelte oder gespeicherte fremde Informationen zu \u00fcberwachen oder nach Umst\u00e4nden zu forschen, die auf eine rechtswidrige T\u00e4tigkeit hinweisen.\">According to \u00a7\u00a7 8 to 10 TMG we are not obligated as a service provider to monitor transmitted or stored foreign information or to investigate circumstances that indicate illegal activity. <\/span><span title=\"Verpflichtungen zur Entfernung oder Sperrung der Nutzung von Informationen nach den allgemeinen Gesetzen bleiben hiervon unber\u00fchrt.\">Obligations to remove or block the use of information under the general laws remain unaffected. <\/span><span title=\"Eine diesbez\u00fcgliche Haftung ist jedoch erst ab dem Zeitpunkt der Kenntnis einer konkreten Rechtsverletzung m\u00f6glich.\">However, a relevant liability is only possible from the date of knowledge of a specific infringement. <\/span><span title=\"Bei Bekanntwerden von entsprechenden Rechtsverletzungen werden wir diese Inhalte umgehend entfernen.&lt;\/p&gt;\n&lt;p&gt;\">Upon notification of such violations, we will immediately remove this content.<\/span><\/p>\n<p><span title=\"Haftung f\u00fcr Links&lt;\/p&gt;\n&lt;p&gt;\"><strong>Liability for links<\/strong><\/span><\/p>\n<p><span title=\"Unser Angebot enth\u00e4lt Links zu externen Webseiten Dritter, auf deren Inhalte wir keinen Einfluss haben.\">Our site contains links to external websites, over which we have no influence. <\/span><span title=\"Deshalb k\u00f6nnen wir f\u00fcr diese fremden Inhalte auch keine Gew\u00e4hr \u00fcbernehmen.\">Therefore we can not accept any liability for this external content. <\/span><span title=\"F\u00fcr die Inhalte der verlinkten Seiten ist stets der jeweilige Anbieter oder Betreiber der Seiten verantwortlich.\">The respective provider or operator of such sites is always responsible for the contents of any Linked Site. <\/span><span title=\"Die verlinkten Seiten wurden zum Zeitpunkt der Verlinkung auf m\u00f6gliche Rechtsverst\u00f6\u00dfe \u00fcberpr\u00fcft.\">The linked sites were checked at the time of linking for possible legal violations. <\/span><span title=\"Rechtswidrige Inhalte waren zum Zeitpunkt der Verlinkung nicht erkennbar.\">Illegal contents were at the time of linking. <\/span><span title=\"Eine permanente inhaltliche Kontrolle der verlinkten Seiten ist jedoch ohne konkrete Anhaltspunkte einer Rechtsverletzung nicht zumutbar.\">A permanent control of the linked pages is unreasonable without concrete evidence of a violation. <\/span><span title=\"Bei Bekanntwerden von Rechtsverletzungen werden wir derartige Links umgehend entfernen.&lt;\/p&gt;\n&lt;p&gt;\">Upon notification of violations, we will remove such links immediately.<\/span><\/p>\n<p><span title=\"Urheberrecht&lt;\/p&gt;\n&lt;p&gt;\"><strong>Copyright<\/strong><\/span><\/p>\n<p><span title=\"Die durch die Seitenbetreiber erstellten Inhalte und Werke auf diesen Seiten unterliegen dem deutschen Urheberrecht.\">The contents and works on these pages created by the site operators are subject to German copyright law. <\/span><span title=\"Die Vervielf\u00e4ltigung, Bearbeitung, Verbreitung und jede Art der Verwertung au\u00dferhalb der Grenzen des Urheberrechtes bed\u00fcrfen der schriftlichen Zustimmung des jeweiligen Autors bzw. Erstellers.\">The reproduction, adaptation, distribution and any kind of exploitation outside the limits of copyright require the written consent of the respective author or creator. <\/span><span title=\"Downloads und Kopien dieser Seite sind nur f\u00fcr den privaten, nicht kommerziellen Gebrauch gestattet.\">Downloads and copies of these pages are only permitted for private, non-commercial use. <\/span><span title=\"Soweit die Inhalte auf dieser Seite nicht vom Betreiber erstellt wurden, werden die Urheberrechte Dritter beachtet.\">Insofar as the content is not created by the website operator, the property rights of third parties. <\/span><span title=\"Insbesondere werden Inhalte Dritter als solche gekennzeichnet.\">In particular contents of third parties are marked as such. <\/span><span title=\"Sollten Sie trotzdem auf eine Urheberrechtsverletzung aufmerksam werden, bitten wir um einen entsprechenden Hinweis.\">Should you nevertheless become aware of copyright infringement, we ask for a hint. <\/span><span title=\"Bei Bekanntwerden von Rechtsverletzungen werden wir derartige Inhalte umgehend entfernen.\">Upon notification of violations, we will remove such content immediately.<\/span><\/p>\n<p>&nbsp;<\/p>\n","protected":false},"excerpt":{"rendered":"<p>Imprint Medical Care GmbH Calwer Stra\u00dfe 1 71034 B\u00f6blingen Represented by: Albrecht Kerschbaumer Marlene Kerschbaumer Contact: Phone: +49 (0) 7031 \/ 81 747 &#8211; 0 Fax: +49 (0) 07031 \/ 81 747 &#8211; 19 Email: info@pmk-medical.de Register: Entry on Commercial Register.Register court: StuttgartRegistration number:HRB 735413 Tax ID: Sales tax identification number according to \u00a727 a [&hellip;]<\/p>\n","protected":false},"author":1,"featured_media":0,"parent":0,"menu_order":0,"comment_status":"open","ping_status":"closed","template":"","meta":{"footnotes":""},"_links":{"self":[{"href":"https:\/\/pmk-medical-germany.de\/en\/wp-json\/wp\/v2\/pages\/359"}],"collection":[{"href":"https:\/\/pmk-medical-germany.de\/en\/wp-json\/wp\/v2\/pages"}],"about":[{"href":"https:\/\/pmk-medical-germany.de\/en\/wp-json\/wp\/v2\/types\/page"}],"author":[{"embeddable":true,"href":"https:\/\/pmk-medical-germany.de\/en\/wp-json\/wp\/v2\/users\/1"}],"replies":[{"embeddable":true,"href":"https:\/\/pmk-medical-germany.de\/en\/wp-json\/wp\/v2\/comments?post=359"}],"version-history":[{"count":5,"href":"https:\/\/pmk-medical-germany.de\/en\/wp-json\/wp\/v2\/pages\/359\/revisions"}],"predecessor-version":[{"id":545,"href":"https:\/\/pmk-medical-germany.de\/en\/wp-json\/wp\/v2\/pages\/359\/revisions\/545"}],"wp:attachment":[{"href":"https:\/\/pmk-medical-germany.de\/en\/wp-json\/wp\/v2\/media?parent=359"}],"curies":[{"name":"wp","href":"https:\/\/api.w.org\/{rel}","templated":true}]}}