{"id":458,"date":"2015-09-22T09:01:52","date_gmt":"2015-09-22T07:01:52","guid":{"rendered":"http:\/\/pmk-medical-germany.de\/en\/?page_id=458"},"modified":"2015-09-22T11:16:13","modified_gmt":"2015-09-22T09:16:13","slug":"language","status":"publish","type":"page","link":"https:\/\/pmk-medical-germany.de\/en\/language\/","title":{"rendered":"Language"},"content":{"rendered":"<h2><span id=\"result_box\" class=\"\" lang=\"en\"><span title=\"Sprache&lt;br \/&gt;\n\">Language<\/span><\/span><span id=\"result_box\" class=\"\" lang=\"en\"><span title=\"Sprache&lt;br \/&gt;\n\"><br \/><\/span><\/span><\/h2>\n<h3><span id=\"result_box\" class=\"\" lang=\"en\"><span title=\"Deutsche Sprache&lt;\/p&gt;\n&lt;p&gt;\">German language<\/span><\/span><\/h3>\n<p><span id=\"result_box\" class=\"\" lang=\"en\"><span title=\"Ist es ein Problem f\u00fcr uns, wenn unsere Bewerber die notwendige berufliche Ausbildung haben und in Deutschland arbeiten m\u00f6chten, der deutschen Sprache aber nicht m\u00e4chtig sind?&lt;\/p&gt;\n&lt;p&gt;\">Is it a problem for us if our candidates have the necessary vocational training and wish to work in Germany, the German language but are not powerful?<\/span><\/span><\/p>\n<p><span title=\"Dies ist f\u00fcr uns kein Problem, sondern eine Herausforderung, welche wir bereits angenommen haben.&lt;\/p&gt;\n&lt;p&gt;\">This is not a problem but a challenge that we have already accepted for us.<\/span><\/p>\n<p><span title=\"In Zusammenarbeit mit ausl\u00e4ndischen Sprachschulen, werden unsere Mitarbeiter entsprechend dem Europ\u00e4ischen Referenzrahmen bis zum Sprachniveau B2 ausgebildet.\">In cooperation with foreign language schools, our staff are trained in accordance with the Common European Framework to B2 language level. <\/span><span title=\"Einer unserer Partner im Ausland ist das Berlitz-Sprachinstitut.&lt;\/p&gt;\n&lt;p&gt;\">One of our partners abroad is the Berlitz language school.<\/span><\/p>\n<p><span title=\"Die Sprachausbildung wird in der Regel in Teilzeit durchgef\u00fchrt.\">The language training is conducted usually part-time. <\/span><span title=\"Dadurch haben die Mitarbeiter die M\u00f6glichkeit, den Beruf und die Sprachausbildung zu verbinden.&lt;\/p&gt;\n&lt;p&gt;\">Thus, the employees have the opportunity to join the profession and language training.<\/span><\/p>\n<p><span title=\"Am Ende der Sprachausbildung findet die B2-Pr\u00fcfung statt.\">At the end of the language training, the B2-examination takes place. <\/span><span title=\"Diese wird immer im Heimatland der Mitarbeiter durchgef\u00fchrt.\">This is always done in the home country of the staff. <\/span><span title=\"Die Anerkennungsphase in Deutschland dauert in der Regel 10 bis 25 Tage.\">The recognition phase in Germany usually takes 10 to 25 days. <\/span><span title=\"Somit k\u00f6nnen wir Ihnen in k\u00fcrzester Zeit anerkannte Gesundheits- und Krankenpfleger zur Verf\u00fcgung stellen.&lt;\/p&gt;\n&lt;p&gt;\">Thus, we can provide you in the shortest possible time recognized health and nursing available.<\/span><\/p>\n<p><span title=\"Eine t\u00e4gliche Betreuung in der Anfangsphase ist f\u00fcr uns selbstverst\u00e4ndlich.\">A daily care in the initial phase is self-evident for us. <\/span><span title=\"Dabei unterst\u00fctzen wir unsere Mitarbeiter in allen Bereichen.\">We support our employees in all areas. <\/span><span title=\"Wir erledigen f\u00fcr die Mitarbeiter s\u00e4mtliche Beh\u00f6rdeng\u00e4nge und stellen Ihnen bereits bei der Ankunft in Deutschland entsprechenden Wohnraum zur Verf\u00fcgung.\">We take care of all administrative procedures for employees and provide you upon arrival in Germany appropriate housing available. <\/span><span title=\"Wir zeigen ihnen, wo sie einkaufen k\u00f6nnen und begleiten Sie dar\u00fcber hinaus zum Kundeneinsatz.\">We show them where they can shop and accompany you in addition to customer use.<\/span><\/p>\n","protected":false},"excerpt":{"rendered":"<p>Language German language Is it a problem for us if our candidates have the necessary vocational training and wish to work in Germany, the German language but are not powerful? This is not a problem but a challenge that we have already accepted for us. In cooperation with foreign language schools, our staff are trained [&hellip;]<\/p>\n","protected":false},"author":2,"featured_media":0,"parent":0,"menu_order":0,"comment_status":"open","ping_status":"closed","template":"","meta":{"footnotes":""},"_links":{"self":[{"href":"https:\/\/pmk-medical-germany.de\/en\/wp-json\/wp\/v2\/pages\/458"}],"collection":[{"href":"https:\/\/pmk-medical-germany.de\/en\/wp-json\/wp\/v2\/pages"}],"about":[{"href":"https:\/\/pmk-medical-germany.de\/en\/wp-json\/wp\/v2\/types\/page"}],"author":[{"embeddable":true,"href":"https:\/\/pmk-medical-germany.de\/en\/wp-json\/wp\/v2\/users\/2"}],"replies":[{"embeddable":true,"href":"https:\/\/pmk-medical-germany.de\/en\/wp-json\/wp\/v2\/comments?post=458"}],"version-history":[{"count":3,"href":"https:\/\/pmk-medical-germany.de\/en\/wp-json\/wp\/v2\/pages\/458\/revisions"}],"predecessor-version":[{"id":519,"href":"https:\/\/pmk-medical-germany.de\/en\/wp-json\/wp\/v2\/pages\/458\/revisions\/519"}],"wp:attachment":[{"href":"https:\/\/pmk-medical-germany.de\/en\/wp-json\/wp\/v2\/media?parent=458"}],"curies":[{"name":"wp","href":"https:\/\/api.w.org\/{rel}","templated":true}]}}