{"id":1106,"date":"2018-01-19T09:10:21","date_gmt":"2018-01-19T08:10:21","guid":{"rendered":"http:\/\/pmk-medical-germany.de\/kv\/?page_id=1106"},"modified":"2022-11-03T21:35:12","modified_gmt":"2022-11-03T20:35:12","slug":"online-bewerbung-mobil","status":"publish","type":"page","link":"https:\/\/pmk-medical-germany.de\/kv\/online-bewerbung-mobil\/","title":{"rendered":"Online Bewerbung mobil"},"content":{"rendered":"<h2 style=\"text-align: left;\">Kur doni t\u00eb Aplikoni me ne?<\/h2>\n<h3><a href=\"http:\/\/pmk-medical-germany.de\/kv\/online-bewerbung\/\">Infermieret me arsim t\u00eb p\u00ebrgjithsh\u00ebm \/ fizioterapist\u00eb<\/a><\/h3>\n<h3><a href=\"http:\/\/pmk-medical-germany.de\/kv\/online-bewerbung-aerzte\/\">Specialist\u00ebt \/ Asistent\u00eb mjek\u00ebsor\u00eb<\/a><\/h3>\n<h3><strong><a href=\"https:\/\/pmk-medical-germany.de\/it\/about\/online-bewerbung\/\">IT-Specialist<\/a><\/strong><\/h3>\n","protected":false},"excerpt":{"rendered":"<p>Kur doni t\u00eb Aplikoni me ne? Infermieret me arsim t\u00eb p\u00ebrgjithsh\u00ebm \/ fizioterapist\u00eb Specialist\u00ebt \/ Asistent\u00eb mjek\u00ebsor\u00eb IT-Specialist<\/p>\n","protected":false},"author":1,"featured_media":0,"parent":0,"menu_order":0,"comment_status":"closed","ping_status":"closed","template":"","meta":{"footnotes":""},"_links":{"self":[{"href":"https:\/\/pmk-medical-germany.de\/kv\/wp-json\/wp\/v2\/pages\/1106"}],"collection":[{"href":"https:\/\/pmk-medical-germany.de\/kv\/wp-json\/wp\/v2\/pages"}],"about":[{"href":"https:\/\/pmk-medical-germany.de\/kv\/wp-json\/wp\/v2\/types\/page"}],"author":[{"embeddable":true,"href":"https:\/\/pmk-medical-germany.de\/kv\/wp-json\/wp\/v2\/users\/1"}],"replies":[{"embeddable":true,"href":"https:\/\/pmk-medical-germany.de\/kv\/wp-json\/wp\/v2\/comments?post=1106"}],"version-history":[{"count":3,"href":"https:\/\/pmk-medical-germany.de\/kv\/wp-json\/wp\/v2\/pages\/1106\/revisions"}],"predecessor-version":[{"id":1212,"href":"https:\/\/pmk-medical-germany.de\/kv\/wp-json\/wp\/v2\/pages\/1106\/revisions\/1212"}],"wp:attachment":[{"href":"https:\/\/pmk-medical-germany.de\/kv\/wp-json\/wp\/v2\/media?parent=1106"}],"curies":[{"name":"wp","href":"https:\/\/api.w.org\/{rel}","templated":true}]}}