{"id":18,"date":"2012-05-04T09:13:29","date_gmt":"2012-05-04T07:13:29","guid":{"rendered":"http:\/\/pmk-medical-germany.de\/de-personalvermittlung\/"},"modified":"2021-03-22T12:21:55","modified_gmt":"2021-03-22T11:21:55","slug":"personalvermittlung","status":"publish","type":"page","link":"https:\/\/pmk-medical-germany.de\/kv\/personalvermittlung\/","title":{"rendered":"Personalvermittlung &#8211; Rekrutimi"},"content":{"rendered":"<h2><strong>Nd\u00ebrmejet\u00ebsimi i personalit<\/strong><\/h2>\n<p>K\u00ebrkimi dhe perzgjedhja e personelit t\u00eb p\u00ebrshtatsh\u00ebm dhe t\u00eb kualifikuar \u00ebsht\u00eb zakonisht shum\u00eb e mundimshme dhe shpenzon shum\u00eb koh\u00eb. P\u00ebrve\u00e7 k\u00ebsaj, p\u00ebrfitimi nga mundi dhe p\u00ebrpjekja shpesh nuk mund t\u00eb p\u00ebrmbush\u00eb idete e veta.<\/p>\n<p><strong>Kompania PMK Medical Germany sh.p.k merr p<\/strong><strong>\u00ebrsip\u00ebr ket\u00eb detyr\u00eb p\u00ebr Ju:<\/strong><\/p>\n<p>Ne ju ofrojm\u00eb kandidat\u00eb me kualifikimet e m\u00ebposhtme:<\/p>\n<ul>\n<li>Infermier\u00eb\/ motra medicinale<br \/>\nInfermier\u00eb pediat\u00ebr<br \/>\nMamit\u00eb<br \/>\nAsistent\u00eb radiologjie<br \/>\nAsistent\u00eb laboratorie<br \/>\nFizioterapist\u00eb<\/li>\n<\/ul>\n<p><strong>P\u00ebrpar\u00ebsit\u00eb tuaja<\/strong><\/p>\n<ul>\n<li>asnj\u00eb shpenzim p\u00ebr k\u00ebrkimin e personelit<\/li>\n<li>nuk humbni koh\u00eb p\u00ebr bisedat personale<\/li>\n<li>nuk humbni koh\u00eb p\u00ebr procedurat administrative p\u00ebr njohjen e profesionit<\/li>\n<li>zbatimi i drejtp\u00ebrdrejt\u00eb dhe profesional i k\u00ebrkesave tuaja<\/li>\n<\/ul>\n<p>Diskrecioni \u00ebsht\u00eb \u00e7\u00ebshtje e natyrshme<\/p>\n<p>&nbsp;<\/p>\n<p>&nbsp;<\/p>\n<h2><strong>Procesi i nd\u00ebrmjet\u00ebsimit<\/strong><\/h2>\n<p><strong>Rekrutimi i kandidat\u00ebve<br \/>\n<\/strong>Kandidat\u00ebt jan\u00eb rekrutuar kryesisht n\u00eb Evrop\u00ebn Jug-Lindore me nj\u00eb fokus t\u00eb ve\u00e7ant\u00eb n\u00eb Shqip\u00ebri.<\/p>\n<p><strong>P\u00ebrzgjedhja e kandidat\u00ebve<br \/>\n<\/strong>Kjo zhvillohet ekskluzivisht p\u00ebrmes intervistave personale n\u00eb p\u00ebrfaq\u00ebsit\u00eb tona.<\/p>\n<p><strong>Prezentimi i kandidat\u00ebve<br \/>\n<\/strong>K\u00ebto jan\u00eb bllokuar p\u00ebr ju p\u00ebr tre jav\u00eb dhe nuk do t&#8217;u kalohen klient\u00ebve t\u00eb tjer\u00eb gjat\u00eb k\u00ebsaj kohe.<br \/>\nPasi t\u00eb jen\u00eb p\u00ebrzgjedhur kandidat\u00ebt, ju do t\u00eb merrni profilet p\u00ebrkat\u00ebse t\u00eb kandidat\u00ebve.<\/p>\n<p><strong>Intervistimi i kandidat\u00ebve<\/strong><br \/>\nP\u00ebr shkak t\u00eb distanc\u00ebs fizike intervistimi b\u00ebh\u00ebt p\u00ebrmes viedeo-telefonis\u00eb (p.sh. skype).<br \/>\nSigurisht, ju gjithashtu mund t\u00eb zhvilloni intervista personalisht n\u00eb vend.<br \/>\nNe organizojm\u00eb udh\u00ebtimin dhe akomoditimin tuaj.<\/p>\n<p><strong>Pun\u00ebsimi i kandidat\u00ebve<\/strong><br \/>\nPasi t\u00eb keni zgjedhur kandidat\u00ebt, ata do t\u00eb marrin kontrat\u00ebn e pun\u00ebs nga ju.<\/p>\n<p>&nbsp;<\/p>\n<p>&nbsp;<\/p>\n","protected":false},"excerpt":{"rendered":"<p>Nd\u00ebrmejet\u00ebsimi i personalit K\u00ebrkimi dhe perzgjedhja e personelit t\u00eb p\u00ebrshtatsh\u00ebm dhe t\u00eb kualifikuar \u00ebsht\u00eb zakonisht shum\u00eb e mundimshme dhe shpenzon shum\u00eb koh\u00eb. P\u00ebrve\u00e7 k\u00ebsaj, p\u00ebrfitimi nga mundi dhe p\u00ebrpjekja shpesh nuk mund t\u00eb p\u00ebrmbush\u00eb idete e veta. Kompania PMK Medical Germany sh.p.k merr p\u00ebrsip\u00ebr ket\u00eb detyr\u00eb p\u00ebr Ju: Ne ju ofrojm\u00eb kandidat\u00eb me kualifikimet e [&hellip;]<\/p>\n","protected":false},"author":1,"featured_media":0,"parent":0,"menu_order":269,"comment_status":"closed","ping_status":"closed","template":"","meta":{"footnotes":""},"_links":{"self":[{"href":"https:\/\/pmk-medical-germany.de\/kv\/wp-json\/wp\/v2\/pages\/18"}],"collection":[{"href":"https:\/\/pmk-medical-germany.de\/kv\/wp-json\/wp\/v2\/pages"}],"about":[{"href":"https:\/\/pmk-medical-germany.de\/kv\/wp-json\/wp\/v2\/types\/page"}],"author":[{"embeddable":true,"href":"https:\/\/pmk-medical-germany.de\/kv\/wp-json\/wp\/v2\/users\/1"}],"replies":[{"embeddable":true,"href":"https:\/\/pmk-medical-germany.de\/kv\/wp-json\/wp\/v2\/comments?post=18"}],"version-history":[{"count":2,"href":"https:\/\/pmk-medical-germany.de\/kv\/wp-json\/wp\/v2\/pages\/18\/revisions"}],"predecessor-version":[{"id":1183,"href":"https:\/\/pmk-medical-germany.de\/kv\/wp-json\/wp\/v2\/pages\/18\/revisions\/1183"}],"wp:attachment":[{"href":"https:\/\/pmk-medical-germany.de\/kv\/wp-json\/wp\/v2\/media?parent=18"}],"curies":[{"name":"wp","href":"https:\/\/api.w.org\/{rel}","templated":true}]}}