{"id":344,"date":"2012-04-23T19:04:53","date_gmt":"2012-04-23T17:04:53","guid":{"rendered":"http:\/\/pmk-medical-germany.de\/de-startseite\/"},"modified":"2021-03-18T16:29:26","modified_gmt":"2021-03-18T15:29:26","slug":"startseite","status":"publish","type":"page","link":"https:\/\/pmk-medical-germany.de\/kv\/","title":{"rendered":"Startseite"},"content":{"rendered":"<h2 style=\"text-align: left;\"><strong>Mir\u00ebseerdh\u00ebt<\/strong><\/h2>\n<p>Mir\u00ebseerdh\u00ebt n\u00eb faqen e internetit t\u00eb PMK Medical Germany GmbH!<\/p>\n<p>Ne jemi parneri Juaj kompetent p\u00ebr vendosjen e kontaktit direkt.<br \/>\nNe ju ofrojm\u00eb staf infermierie t\u00eb trajnuar dhe t\u00eb kualifikuar, asistent\u00eb t\u00eb radiologjis\u00eb, fizioterapist\u00eb dhe mjek\u00eb asistent\u00eb.<\/p>\n<p>&nbsp;<\/p>\n<h3><strong>Nd\u00ebrmjet\u00ebsim t\u00eb infermiereve t\u00eb huaj<\/strong><\/h3>\n<p>Ju k\u00ebrkoni infermier\u00eb t\u00eb kualifikuar n\u00eb tregun gjerman t\u00eb pun\u00ebs p\u00ebr kompanin\u00eb tuaj?<\/p>\n<p>Shpenzimet tuaja nuk jan\u00eb n\u00eb proporcion me rezultatin q\u00eb d\u00ebshironi?<\/p>\n<p>Ju nuk merrni ndonj\u00eb ofert\u00eb p\u00ebr vendet tuaja t\u00eb lira t\u00eb pun\u00ebs edhe pse u ofroni infermiereve kushtet m\u00eb t\u00eb mira p\u00ebr pun\u00eb?<\/p>\n<h3><strong>Infermier\u00ebt tan\u00eb nga Shqip\u00ebria \/ Ballkani mund t&#8217;ju ndihmojn\u00eb t\u00eb ndryshoni dhe t\u00eb p\u00ebrmir\u00ebsoni gjendjen tuaj!<\/strong><\/h3>\n<p>Kompania jon\u00eb PMK n\u00eb Shqip\u00ebri\u00a0 rekruton kandidat\u00ebt n\u00eb vendin ku ndodhen ata. Bashk\u00ebpun\u00ebtoret ton\u00eb njohin tregun dhe mentalitetin e kandidat\u00ebve. Kandidat\u00ebt do t\u00eb jen\u00eb t\u00eb lumtur n\u00ebse n\u00eb t\u00eb ardhmen mund t\u00eb punojn\u00eb si infermier n\u00eb Gjermani.<\/p>\n<p>&nbsp;<\/p>\n","protected":false},"excerpt":{"rendered":"<p>Mir\u00ebseerdh\u00ebt Mir\u00ebseerdh\u00ebt n\u00eb faqen e internetit t\u00eb PMK Medical Germany GmbH! Ne jemi parneri Juaj kompetent p\u00ebr vendosjen e kontaktit direkt. Ne ju ofrojm\u00eb staf infermierie t\u00eb trajnuar dhe t\u00eb kualifikuar, asistent\u00eb t\u00eb radiologjis\u00eb, fizioterapist\u00eb dhe mjek\u00eb asistent\u00eb. &nbsp; Nd\u00ebrmjet\u00ebsim t\u00eb infermiereve t\u00eb huaj Ju k\u00ebrkoni infermier\u00eb t\u00eb kualifikuar n\u00eb tregun gjerman t\u00eb pun\u00ebs p\u00ebr [&hellip;]<\/p>\n","protected":false},"author":1,"featured_media":0,"parent":0,"menu_order":1,"comment_status":"closed","ping_status":"closed","template":"","meta":{"footnotes":""},"_links":{"self":[{"href":"https:\/\/pmk-medical-germany.de\/kv\/wp-json\/wp\/v2\/pages\/344"}],"collection":[{"href":"https:\/\/pmk-medical-germany.de\/kv\/wp-json\/wp\/v2\/pages"}],"about":[{"href":"https:\/\/pmk-medical-germany.de\/kv\/wp-json\/wp\/v2\/types\/page"}],"author":[{"embeddable":true,"href":"https:\/\/pmk-medical-germany.de\/kv\/wp-json\/wp\/v2\/users\/1"}],"replies":[{"embeddable":true,"href":"https:\/\/pmk-medical-germany.de\/kv\/wp-json\/wp\/v2\/comments?post=344"}],"version-history":[{"count":2,"href":"https:\/\/pmk-medical-germany.de\/kv\/wp-json\/wp\/v2\/pages\/344\/revisions"}],"predecessor-version":[{"id":1176,"href":"https:\/\/pmk-medical-germany.de\/kv\/wp-json\/wp\/v2\/pages\/344\/revisions\/1176"}],"wp:attachment":[{"href":"https:\/\/pmk-medical-germany.de\/kv\/wp-json\/wp\/v2\/media?parent=344"}],"curies":[{"name":"wp","href":"https:\/\/api.w.org\/{rel}","templated":true}]}}